{"id":701,"date":"2026-04-28T10:44:22","date_gmt":"2026-04-28T08:44:22","guid":{"rendered":"https:\/\/www.tritravel.es\/?page_id=701"},"modified":"2026-04-29T12:38:37","modified_gmt":"2026-04-29T10:38:37","slug":"privacy-policy","status":"publish","type":"page","link":"https:\/\/www.tritravel.es\/en\/politique-de-confidentialite\/","title":{"rendered":"Privacy Policy"},"content":{"rendered":"<div data-elementor-type=\"wp-page\" data-elementor-id=\"701\" class=\"elementor elementor-701\" data-elementor-post-type=\"page\">\n\t\t\t\t<div class=\"elementor-element elementor-element-e91fa89 e-flex e-con-boxed e-con e-parent\" data-id=\"e91fa89\" data-element_type=\"container\" data-e-type=\"container\" data-settings=\"{&quot;background_background&quot;:&quot;classic&quot;}\">\n\t\t\t\t\t<div class=\"e-con-inner\">\n\t\t\t\t<div class=\"elementor-element elementor-element-168c300 elementor-widget elementor-widget-spacer\" data-id=\"168c300\" data-element_type=\"widget\" data-e-type=\"widget\" data-widget_type=\"spacer.default\">\n\t\t\t\t\t\t\t<div class=\"elementor-spacer\">\n\t\t\t<div class=\"elementor-spacer-inner\"><\/div>\n\t\t<\/div>\n\t\t\t\t\t\t<\/div>\n\t\t\t\t\t<\/div>\n\t\t\t\t<\/div>\n\t\t\t\t<section class=\"elementor-section elementor-top-section elementor-element elementor-element-b6eeece elementor-section-full_width elementor-section-height-default elementor-section-height-default\" data-id=\"b6eeece\" data-element_type=\"section\" data-e-type=\"section\" data-settings=\"{&quot;background_background&quot;:&quot;classic&quot;}\">\n\t\t\t\t\t\t<div class=\"elementor-container elementor-column-gap-default\">\n\t\t\t\t\t<div class=\"elementor-column elementor-col-100 elementor-top-column elementor-element elementor-element-32359c5\" data-id=\"32359c5\" data-element_type=\"column\" data-e-type=\"column\">\n\t\t\t<div class=\"elementor-widget-wrap elementor-element-populated\">\n\t\t\t\t\t\t<div class=\"elementor-element elementor-element-5e6c41f elementor-widget elementor-widget-heading\" data-id=\"5e6c41f\" data-element_type=\"widget\" data-e-type=\"widget\" data-widget_type=\"heading.default\">\n\t\t\t\t\t<h1 class=\"elementor-heading-title elementor-size-default\">Privacy Policy<\/h1>\t\t\t\t<\/div>\n\t\t\t\t<div class=\"elementor-element elementor-element-4350fb5 elementor-widget elementor-widget-text-editor\" data-id=\"4350fb5\" data-element_type=\"widget\" data-e-type=\"widget\" data-widget_type=\"text-editor.default\">\n\t\t\t\t\t\t\t\t\t<p>At TRITRAVEL, we place great importance on privacy and transparency. Furthermore, we are committed to processing your data in accordance with current data protection regulations:<\/p><ul><li><p>Regulation (EU) 2016\/679 of the European Parliament and of the Council of 27 April 2016 on the protection of natural persons with regard to the processing of personal data and on the free movement of such data (GDPR):<\/p><\/li><li><p>Organic Law 3\/2018 of 5 December on the protection of personal data and the safeguarding of digital rights (LOPDGDD).<\/p><\/li><\/ul><p>Below you will find detailed information about how we process personal data, along with all relevant details.<\/p><h2>1. Who is the data controller?<\/h2><p>Company name: Tritravel<\/p><p>Registered name: Tritravel Incoming S.L.<\/p><p class=\"translation-block\"><strong>Tax registration number:<\/strong> B93115848<\/p><p class=\"translation-block\"><strong>Address:<\/strong> Calle Moreno Monroy, 5, 1st floor, 29015 M\u00e1laga (Spain)<\/p><p>Telephone: 952 062 360<\/p><p>E-mail : <a href=\"mailto:info@tritravel.es\">info@tritravel.es<\/a><\/p><h2>2. Why do we process your personal data?<\/h2><p>At TRITRAVEL, we process the information provided to us by data subjects for various purposes. Each of these purposes is described below in relation to the data processing carried out:<\/p><ul><li class=\"translation-block\"><strong>Processing of data collected via the website\u2019s contact form:<\/strong> we process the information you provide in order to respond to your enquiry.<\/li><li class=\"translation-block\"><strong>Processing of data using cookies and similar technologies:<\/strong> we process information obtained through cookies and similar technologies used to enable smooth navigation and the use of basic features; to remember user preferences and personalise their browsing experience; and to measure and analyse website activity in order to improve its performance and functionality.<\/li><li class=\"translation-block\"><strong>Data processing for the exercise of data subjects\u2019 rights:<\/strong> we process the information provided to us by data subjects in order to manage and respond to their requests regarding the exercise of their rights under data protection regulations.<\/li><\/ul><p>No automated decisions will be made based on the data provided.<\/p><p>If you do not provide your personal data, we will not be able to fulfil the purposes described.<\/p><h2>3. How long will we keep your data?<\/h2><p>Each data processing operation is subject to a retention period. We therefore set out the retention periods for the various data processing operations we carry out at TRITRAVEL:<\/p><ul><li class=\"translation-block\"><strong>Processing of data collected via the website\u2019s contact form:<\/strong> the data will be retained for as long as is necessary to process enquiries, unless the data subject requests its deletion.<\/li><li class=\"translation-block\"><strong>Data processing via cookies and similar technologies:<\/strong> data collected via cookies will be retained for the period strictly necessary for the purpose of each cookie, as detailed in the Cookie Policy.<\/li><li class=\"translation-block\"><strong>Data processing for the exercise of data subjects\u2019 rights:<\/strong> data will be retained for as long as necessary to respond to requests and for at least three years in order to deal with any complaints.<\/li><\/ul><h2>4. On what legal basis are your data processed?<\/h2><p>Each instance of data processing is based on a different legal basis. That is why we set out the legal basis for each instance of data processing that we carry out at TRITRAVEL:<\/p><ul><li><strong>Traitement des donn\u00e9es recueillies via le formulaire de contact du site web :<\/strong><ul><li>Ex\u00e9cution d&rsquo;un contrat ou mesures pr\u00e9contractuelles : r\u00e9pondre \u00e0 votre demande (RGPD, art. 6.1.b).<\/li><\/ul><\/li><li><strong>Traitement des donn\u00e9es par le biais de cookies et de technologies similaires :<\/strong><ul><li>Ex\u00e9cution d&rsquo;un contrat ou mesures pr\u00e9contractuelles : utilisation des cookies n\u00e9cessaires\/techniques pour la fourniture des services propos\u00e9s via notre site web (RGPD, art. 6.1.b).<\/li><li>Consentement de la personne concern\u00e9e : utilisation de cookies non n\u00e9cessaires (analytiques) aux fins d\u00e9crites dans la Politique en mati\u00e8re de cookies (RGPD, art. 6.1.a).<\/li><\/ul><\/li><li><strong>Traitement des donn\u00e9es pour l&rsquo;exercice des droits des personnes concern\u00e9es :<\/strong><ul><li>Respect d&rsquo;une obligation l\u00e9gale : g\u00e9rer et traiter les demandes des personnes concern\u00e9es dans le cadre de l&rsquo;exercice des droits pr\u00e9vus par la r\u00e9glementation en mati\u00e8re de protection des donn\u00e9es (RGPD, art. 6.1.c).<\/li><\/ul><\/li><\/ul><h2>5. To whom will your data be disclosed?<\/h2><p>Depending on the nature of the data processing, data may be transferred to other recipients. To this end, we set out below the data transfers carried out in connection with each of the data processing operations we undertake at TRITRAVEL:<\/p><ul><li class=\"translation-block\"><strong>Processing of data collected via the website\u2019s contact form:<\/strong> no data will be disclosed to third parties, unless required by law<\/li><li><strong>Traitement des donn\u00e9es par le biais de cookies et de technologies similaires :<\/strong><ul><li>Fournisseurs de services tiers, y compris des prestataires internationaux d&rsquo;analyse de donn\u00e9es ou de services web (consentement pr\u00e9alable requis).<\/li><\/ul><\/li><li><strong>Traitement des donn\u00e9es pour l&rsquo;exercice des droits des personnes concern\u00e9es :<\/strong><ul><li>Autorit\u00e9s de contr\u00f4le, organismes de l&rsquo;administration publique et M\u00e9diateur, le cas \u00e9ch\u00e9ant, dans le but de g\u00e9rer et de traiter les demandes et les \u00e9ventuelles r\u00e9clamations (obligation l\u00e9gale).<\/li><\/ul><\/li><\/ul><h2>6. Data transfers to third countries<\/h2><p>Depending on the nature of the data processing, data may be transferred to third countries. To this end, we set out below each of the data processing operations carried out by TRITRAVEL, specifying whether data is transferred to third countries:<\/p><ul><li class=\"translation-block\"><strong>Processing of data collected via the website\u2019s contact form:<\/strong> no transfer of data to third countries is planned.<\/li><li class=\"translation-block\"><strong>Data processing via cookies and similar technologies:<\/strong> in the event of international data transfers, this will be indicated in the Cookie Policy and the appropriate safeguards provided for under the GDPR (standard contractual clauses, adequacy decisions, etc.) will be put in place.<\/li><li class=\"translation-block\"><strong>Data processing for the exercise of data subjects\u2019 rights:<\/strong> no data transfers to third countries are planned.<\/li><\/ul><h2>7. What are your rights when you provide us with your data?<\/h2><p>Everyone has the right to obtain confirmation as to whether or not TRITRAVEL is processing personal data concerning them.<\/p><p>Data subjects have the right to access their personal data, as well as to request the rectification of inaccurate data or, where appropriate, their erasure where, amongst other reasons, the data are no longer necessary for the purposes for which they were collected. They also have the right to data portability.<\/p><p>In certain circumstances, data subjects may request that the processing of their data be restricted, in which case we will retain it solely for the purpose of establishing, exercising or defending legal claims.<\/p><p>In certain circumstances and on grounds relating to their particular situation, data subjects may object to the processing of their data. In such cases, TRITRAVEL will cease processing the data, except where there are legitimate and compelling grounds, or for the purpose of establishing, exercising or defending legal claims.<\/p><p class=\"translation-block\">You can exercise your rights in practice by contacting <a href=\"mailto:info@tritravel.es\" target=\"_self\">info@tritravel.es<\/a> or Calle Moreno Monroy, 5, 1st floor, 29015 M\u00e1laga, Spain.<\/p><p>Where marketing communications are sent on the legal basis of the data controller\u2019s legitimate interests, the data subject may object to the processing of their data for that purpose.\u00a0<\/p><p>If you have given your consent for a specific purpose, you have the right to withdraw that consent at any time, without this affecting the lawfulness of the processing carried out on the basis of the consent given prior to its withdrawal.<\/p><p>If you believe that your rights regarding the protection of your personal data have been infringed, particularly if you have not been satisfied with the way your rights have been handled, you may lodge a complaint with the competent data protection supervisory authority via its website: www.aepd.es.<\/p><h2>8. How did we obtain your data?<\/h2><p class=\"translation-block\">How did we obtain your data?<br>The personal data we process at TRITRAVEL is provided by: the data subject themselves.<\/p><p><span style=\"font-weight: 400;\">______________________________________________________________________<\/span><\/p><p class=\"translation-block\"><strong>Last updated:<\/strong> 28 April 2026 \u2013 Version 1.0<\/p><p>This legal notice has been drawn up by Grupo Altabir\u00ae on behalf of the owner of this website.<\/p><p>Their use is authorised exclusively for the said owner in the course of their business and for inclusion on this website. Their reproduction, distribution or use for other websites, projects or activities is not permitted without the prior and express authorisation of Grupo Altabir\u00ae, without prejudice to the right of users to copy or reproduce the document where this is necessary for consultation or for the exercise of their rights.<\/p>\t\t\t\t\t\t\t\t<\/div>\n\t\t\t\t\t<\/div>\n\t\t<\/div>\n\t\t\t\t\t<\/div>\n\t\t<\/section>\n\t\t\t\t<\/div>","protected":false},"excerpt":{"rendered":"<p>Politique de confidentialit\u00e9 Chez TRITRAVEL, nous accordons une grande importance \u00e0 la confidentialit\u00e9 et \u00e0 la transparence. De plus, nous nous engageons \u00e0 traiter vos donn\u00e9es conform\u00e9ment \u00e0 la r\u00e9glementation en vigueur en mati\u00e8re de protection des donn\u00e9es : R\u00e8glement (UE) 2016\/679 du Parlement europ\u00e9en et du Conseil du 27 avril 2016 relatif \u00e0 la [&hellip;]<\/p>\n","protected":false},"author":3,"featured_media":0,"parent":0,"menu_order":0,"comment_status":"closed","ping_status":"closed","template":"elementor_header_footer","meta":{"footnotes":""},"class_list":["post-701","page","type-page","status-publish","hentry"],"yoast_head":"<!-- This site is optimized with the Yoast SEO plugin v27.4 - https:\/\/yoast.com\/product\/yoast-seo-wordpress\/ -->\n<title>Politique de confidentialit\u00e9 - Tritravel<\/title>\n<meta name=\"robots\" content=\"noindex, follow\" \/>\n<meta property=\"og:locale\" content=\"en_GB\" \/>\n<meta property=\"og:type\" content=\"article\" \/>\n<meta property=\"og:title\" content=\"Politique de confidentialit\u00e9 - Tritravel\" \/>\n<meta property=\"og:description\" content=\"Politique de confidentialit\u00e9 Chez TRITRAVEL, nous accordons une grande importance \u00e0 la confidentialit\u00e9 et \u00e0 la transparence. De plus, nous nous engageons \u00e0 traiter vos donn\u00e9es conform\u00e9ment \u00e0 la r\u00e9glementation en vigueur en mati\u00e8re de protection des donn\u00e9es : R\u00e8glement (UE) 2016\/679 du Parlement europ\u00e9en et du Conseil du 27 avril 2016 relatif \u00e0 la [&hellip;]\" \/>\n<meta property=\"og:url\" content=\"https:\/\/www.tritravel.es\/en\/privacy-policy\/\" \/>\n<meta property=\"og:site_name\" content=\"Tritravel\" \/>\n<meta property=\"article:modified_time\" content=\"2026-04-29T10:38:37+00:00\" \/>\n<meta name=\"twitter:card\" content=\"summary_large_image\" \/>\n<meta name=\"twitter:label1\" content=\"Estimated reading time\" \/>\n\t<meta name=\"twitter:data1\" content=\"7 minutes\" \/>\n<script type=\"application\/ld+json\" class=\"yoast-schema-graph\">{\"@context\":\"https:\\\/\\\/schema.org\",\"@graph\":[{\"@type\":\"WebPage\",\"@id\":\"https:\\\/\\\/www.tritravel.es\\\/politique-de-confidentialite\\\/\",\"url\":\"https:\\\/\\\/www.tritravel.es\\\/politique-de-confidentialite\\\/\",\"name\":\"Politique de confidentialit\u00e9 - Tritravel\",\"isPartOf\":{\"@id\":\"http:\\\/\\\/www.tritravel.es\\\/#website\"},\"datePublished\":\"2026-04-28T08:44:22+00:00\",\"dateModified\":\"2026-04-29T10:38:37+00:00\",\"breadcrumb\":{\"@id\":\"https:\\\/\\\/www.tritravel.es\\\/politique-de-confidentialite\\\/#breadcrumb\"},\"inLanguage\":\"en-GB\",\"potentialAction\":[{\"@type\":\"ReadAction\",\"target\":[\"https:\\\/\\\/www.tritravel.es\\\/politique-de-confidentialite\\\/\"]}]},{\"@type\":\"BreadcrumbList\",\"@id\":\"https:\\\/\\\/www.tritravel.es\\\/politique-de-confidentialite\\\/#breadcrumb\",\"itemListElement\":[{\"@type\":\"ListItem\",\"position\":1,\"name\":\"Portada\",\"item\":\"http:\\\/\\\/www.tritravel.es\\\/\"},{\"@type\":\"ListItem\",\"position\":2,\"name\":\"Politique de confidentialit\u00e9\"}]},{\"@type\":\"WebSite\",\"@id\":\"http:\\\/\\\/www.tritravel.es\\\/#website\",\"url\":\"http:\\\/\\\/www.tritravel.es\\\/\",\"name\":\"Tritravel\",\"description\":\"Agencia de viajes y tour operador\",\"publisher\":{\"@id\":\"http:\\\/\\\/www.tritravel.es\\\/#organization\"},\"potentialAction\":[{\"@type\":\"SearchAction\",\"target\":{\"@type\":\"EntryPoint\",\"urlTemplate\":\"http:\\\/\\\/www.tritravel.es\\\/?s={search_term_string}\"},\"query-input\":{\"@type\":\"PropertyValueSpecification\",\"valueRequired\":true,\"valueName\":\"search_term_string\"}}],\"inLanguage\":\"en-GB\"},{\"@type\":\"Organization\",\"@id\":\"http:\\\/\\\/www.tritravel.es\\\/#organization\",\"name\":\"Tritravel\",\"url\":\"http:\\\/\\\/www.tritravel.es\\\/\",\"logo\":{\"@type\":\"ImageObject\",\"inLanguage\":\"en-GB\",\"@id\":\"http:\\\/\\\/www.tritravel.es\\\/#\\\/schema\\\/logo\\\/image\\\/\",\"url\":\"https:\\\/\\\/www.tritravel.es\\\/wp-content\\\/uploads\\\/2026\\\/02\\\/logotipo-tritravel.png\",\"contentUrl\":\"https:\\\/\\\/www.tritravel.es\\\/wp-content\\\/uploads\\\/2026\\\/02\\\/logotipo-tritravel.png\",\"width\":881,\"height\":880,\"caption\":\"Tritravel\"},\"image\":{\"@id\":\"http:\\\/\\\/www.tritravel.es\\\/#\\\/schema\\\/logo\\\/image\\\/\"}}]}<\/script>\n<!-- \/ Yoast SEO plugin. -->","yoast_head_json":{"title":"Privacy Policy - Tritravel","robots":{"index":"noindex","follow":"follow"},"og_locale":"en_GB","og_type":"article","og_title":"Politique de confidentialit\u00e9 - Tritravel","og_description":"Politique de confidentialit\u00e9 Chez TRITRAVEL, nous accordons une grande importance \u00e0 la confidentialit\u00e9 et \u00e0 la transparence. De plus, nous nous engageons \u00e0 traiter vos donn\u00e9es conform\u00e9ment \u00e0 la r\u00e9glementation en vigueur en mati\u00e8re de protection des donn\u00e9es : R\u00e8glement (UE) 2016\/679 du Parlement europ\u00e9en et du Conseil du 27 avril 2016 relatif \u00e0 la [&hellip;]","og_url":"https:\/\/www.tritravel.es\/en\/privacy-policy\/","og_site_name":"Tritravel","article_modified_time":"2026-04-29T10:38:37+00:00","twitter_card":"summary_large_image","twitter_misc":{"Estimated reading time":"7 minutes"},"schema":{"@context":"https:\/\/schema.org","@graph":[{"@type":"WebPage","@id":"https:\/\/www.tritravel.es\/politique-de-confidentialite\/","url":"https:\/\/www.tritravel.es\/politique-de-confidentialite\/","name":"Privacy Policy - Tritravel","isPartOf":{"@id":"http:\/\/www.tritravel.es\/#website"},"datePublished":"2026-04-28T08:44:22+00:00","dateModified":"2026-04-29T10:38:37+00:00","breadcrumb":{"@id":"https:\/\/www.tritravel.es\/politique-de-confidentialite\/#breadcrumb"},"inLanguage":"en-GB","potentialAction":[{"@type":"ReadAction","target":["https:\/\/www.tritravel.es\/politique-de-confidentialite\/"]}]},{"@type":"BreadcrumbList","@id":"https:\/\/www.tritravel.es\/politique-de-confidentialite\/#breadcrumb","itemListElement":[{"@type":"ListItem","position":1,"name":"Portada","item":"http:\/\/www.tritravel.es\/"},{"@type":"ListItem","position":2,"name":"Politique de confidentialit\u00e9"}]},{"@type":"WebSite","@id":"http:\/\/www.tritravel.es\/#website","url":"http:\/\/www.tritravel.es\/","name":"Tritravel","description":"Agencia de viajes y tour operador","publisher":{"@id":"http:\/\/www.tritravel.es\/#organization"},"potentialAction":[{"@type":"SearchAction","target":{"@type":"EntryPoint","urlTemplate":"http:\/\/www.tritravel.es\/?s={search_term_string}"},"query-input":{"@type":"PropertyValueSpecification","valueRequired":true,"valueName":"search_term_string"}}],"inLanguage":"en-GB"},{"@type":"Organization","@id":"http:\/\/www.tritravel.es\/#organization","name":"Tritravel","url":"http:\/\/www.tritravel.es\/","logo":{"@type":"ImageObject","inLanguage":"en-GB","@id":"http:\/\/www.tritravel.es\/#\/schema\/logo\/image\/","url":"https:\/\/www.tritravel.es\/wp-content\/uploads\/2026\/02\/logotipo-tritravel.png","contentUrl":"https:\/\/www.tritravel.es\/wp-content\/uploads\/2026\/02\/logotipo-tritravel.png","width":881,"height":880,"caption":"Tritravel"},"image":{"@id":"http:\/\/www.tritravel.es\/#\/schema\/logo\/image\/"}}]}},"_links":{"self":[{"href":"https:\/\/www.tritravel.es\/en\/wp-json\/wp\/v2\/pages\/701","targetHints":{"allow":["GET"]}}],"collection":[{"href":"https:\/\/www.tritravel.es\/en\/wp-json\/wp\/v2\/pages"}],"about":[{"href":"https:\/\/www.tritravel.es\/en\/wp-json\/wp\/v2\/types\/page"}],"author":[{"embeddable":true,"href":"https:\/\/www.tritravel.es\/en\/wp-json\/wp\/v2\/users\/3"}],"replies":[{"embeddable":true,"href":"https:\/\/www.tritravel.es\/en\/wp-json\/wp\/v2\/comments?post=701"}],"version-history":[{"count":10,"href":"https:\/\/www.tritravel.es\/en\/wp-json\/wp\/v2\/pages\/701\/revisions"}],"predecessor-version":[{"id":731,"href":"https:\/\/www.tritravel.es\/en\/wp-json\/wp\/v2\/pages\/701\/revisions\/731"}],"wp:attachment":[{"href":"https:\/\/www.tritravel.es\/en\/wp-json\/wp\/v2\/media?parent=701"}],"curies":[{"name":"wp","href":"https:\/\/api.w.org\/{rel}","templated":true}]}}