{"id":698,"date":"2026-04-28T10:41:55","date_gmt":"2026-04-28T08:41:55","guid":{"rendered":"https:\/\/www.tritravel.es\/?page_id=698"},"modified":"2026-04-29T12:56:17","modified_gmt":"2026-04-29T10:56:17","slug":"cookie-policy","status":"publish","type":"page","link":"https:\/\/www.tritravel.es\/en\/politique-en-matiere-de-cookies\/","title":{"rendered":"Cookie Policy"},"content":{"rendered":"<div data-elementor-type=\"wp-page\" data-elementor-id=\"698\" class=\"elementor elementor-698\" data-elementor-post-type=\"page\">\n\t\t\t\t<div class=\"elementor-element elementor-element-21b6fba e-flex e-con-boxed e-con e-parent\" data-id=\"21b6fba\" data-element_type=\"container\" data-e-type=\"container\" data-settings=\"{&quot;background_background&quot;:&quot;classic&quot;}\">\n\t\t\t\t\t<div class=\"e-con-inner\">\n\t\t\t\t<div class=\"elementor-element elementor-element-9e67170 elementor-widget elementor-widget-spacer\" data-id=\"9e67170\" data-element_type=\"widget\" data-e-type=\"widget\" data-widget_type=\"spacer.default\">\n\t\t\t\t\t\t\t<div class=\"elementor-spacer\">\n\t\t\t<div class=\"elementor-spacer-inner\"><\/div>\n\t\t<\/div>\n\t\t\t\t\t\t<\/div>\n\t\t\t\t\t<\/div>\n\t\t\t\t<\/div>\n\t\t\t\t<section class=\"elementor-section elementor-top-section elementor-element elementor-element-5f22279 elementor-section-full_width elementor-section-height-default elementor-section-height-default\" data-id=\"5f22279\" data-element_type=\"section\" data-e-type=\"section\" data-settings=\"{&quot;background_background&quot;:&quot;classic&quot;}\">\n\t\t\t\t\t\t<div class=\"elementor-container elementor-column-gap-default\">\n\t\t\t\t\t<div class=\"elementor-column elementor-col-100 elementor-top-column elementor-element elementor-element-cfb0b38\" data-id=\"cfb0b38\" data-element_type=\"column\" data-e-type=\"column\">\n\t\t\t<div class=\"elementor-widget-wrap elementor-element-populated\">\n\t\t\t\t\t\t<div class=\"elementor-element elementor-element-85a381e elementor-widget elementor-widget-heading\" data-id=\"85a381e\" data-element_type=\"widget\" data-e-type=\"widget\" data-widget_type=\"heading.default\">\n\t\t\t\t\t<h1 class=\"elementor-heading-title elementor-size-default\">Cookie Policy<\/h1>\t\t\t\t<\/div>\n\t\t\t\t<div class=\"elementor-element elementor-element-3151250 elementor-widget elementor-widget-text-editor\" data-id=\"3151250\" data-element_type=\"widget\" data-e-type=\"widget\" data-widget_type=\"text-editor.default\">\n\t\t\t\t\t\t\t\t\t<h2>1. WHO IS THE DATA CONTROLLER?<\/h2><p class=\"translation-block\"><strong>Responsable :<\/strong> Tritravel Incoming S.L.<\/p><p class=\"translation-block\"><strong>Tax registration number:<\/strong> B93115848<\/p><p class=\"translation-block\"><strong>Address:<\/strong> Calle Moreno Monroy, 5, 1st floor, 29015 M\u00e1laga (Spain)<\/p><p><strong>E-mail :<\/strong> info@tritravel.es<\/p><p>You can find more information about how we process your personal data in our privacy policy.<\/p><h2>2. WHAT ARE COOKIES?<\/h2><p>This website uses cookies and other similar technologies that enable information to be stored and retrieved on the user\u2019s device whilst browsing.<\/p><p>Cookies are small data files that are stored on the user\u2019s device when they visit certain web pages and which, amongst other things, enable information about the user\u2019s or their device\u2019s browsing habits to be stored and retrieved. Depending on the information they contain and how the user uses their device, they can be used to recognise the user.<\/p><p>The use of these technologies can serve various purposes, such as ensuring the website functions properly, enhancing its security, making it easier to navigate, personalising the user experience, or collecting statistical data on how the site is used in order to improve its content and services.<\/p><h2>3. WHAT IS THE APPLICABLE LEGAL BASIS?<\/h2><p>The legal basis for the use of cookies depends on their purpose:<\/p><ul><li class=\"translation-block\"><strong>Technical or necessary cookies:<\/strong> these are used on the basis of the data controller\u2019s legitimate interest and enable the website to function or the provision of services requested by the user.<\/li><li class=\"translation-block\"><strong>Analytics, personalisation or advertising cookies<\/strong>: these are only used where the user has given their consent, in accordance with Article 6(1)(a) of Regulation (EU) 2016\/679 and Article 22(2) of Law 34\/2002 on information society services.<\/li><\/ul><p>Users can accept, refuse or configure the use of cookies via the consent management system available on the website.<\/p><h2>4. WHAT ARE THE DIFFERENT TYPES OF COOKIES?<\/h2><p>The cookies used on this website may be first-party cookies or third-party cookies.<\/p><ul><li class=\"translation-block\"><strong>First-party cookies:<\/strong> these are cookies sent to the user\u2019s device from a domain managed by the website owner themselves.<\/li><li class=\"translation-block\"><strong>Third-party cookies:<\/strong> these are cookies sent to the user\u2019s device from a domain managed by an entity other than the website owner.<\/li><\/ul><p>Similarly, cookies can be categorised according to their purpose as follows:<\/p><ul><li class=\"translation-block\"><strong>Technical (necessary) cookies:<\/strong> these enable you to navigate the website and use the various options and services available on it. Without these cookies, the website cannot function properly.<\/li><li class=\"translation-block\"><strong>Preference or personalisation cookies:<\/strong> these cookies store information so that the user can access the service with certain settings that may make their experience different from that of other users.<\/li><li class=\"translation-block\"><strong>Analytics or measurement cookies:<\/strong> these enable us to quantify the number of users and to measure and analyse, statistically, how users interact with the service provided. They provide data on visitor numbers, bounce rates, traffic sources and other indicators that help to improve the website\u2019s performance.<\/li><li class=\"translation-block\"><strong>Behavioural advertising cookies:<\/strong> these enable the analysis of users\u2019 browsing habits in order to display adverts relevant to their browsing profile and to measure the effectiveness of advertising campaigns.<\/li><\/ul><h2>5. WHAT COOKIES ARE USED ON THIS WEBSITE?<\/h2><p>The following tables list the cookies used on our website, specifying their provider, purpose and duration:<\/p><p><strong>TECHNICAL OR ESSENTIAL COOKIES<\/strong><\/p><table><tbody><tr><td><p><span style=\"font-weight: 400;\">Cookie<\/span><\/p><\/td><td><p>Duration<\/p><\/td><td><p>Supplier<\/p><\/td><td><p>Objective<\/p><\/td><\/tr><tr><td><p><span style=\"font-weight: 400;\">wpEmojiSettingsSupports<\/span><\/p><\/td><td><p>Session<\/p><\/td><td><p>Clean<\/p><\/td><td><p>This cookie is created when a user interacts with emojis on a WordPress site. It is used to determine whether the user\u2019s browser is capable of displaying emojis correctly.<\/p><\/td><\/tr><\/tbody><\/table><p><strong>ANALYTICAL OR MEASUREMENT COOKIES<\/strong><\/p><table><tbody><tr><td><p><span style=\"font-weight: 400;\">Cookie<\/span><\/p><\/td><td><p>Duration<\/p><\/td><td><p>Supplier<\/p><\/td><td><p>Objective<\/p><\/td><\/tr><tr><td><p><span style=\"font-weight: 400;\">_ga<\/span><\/p><\/td><td><p>1 year, 1 month and 4 days<\/p><\/td><td><p>Clean<\/p><\/td><td><p>To collect information about users\u2019 browsing activity on the website in order to identify the source of visits and other similar statistical data, and, where appropriate, to show users advertisements tailored to their preferences, based on a profile created from their browsing habits (for example, the pages they have visited).<\/p><\/td><\/tr><tr><td><p><span style=\"font-weight: 400;\">_ga_*<\/span><\/p><\/td><td><p>1 year, 1 month and 4 days<\/p><\/td><td><p>Clean<\/p><\/td><td><p>It is used to record and track visits to the website's pages.<\/p><\/td><\/tr><\/tbody><\/table><h2>6. INTERNATIONAL DATA TRANSFERS<\/h2><p>Some cookie providers may transfer data internationally outside the European Economic Area, in particular to the United States.<\/p><p>These transfers are carried out in accordance with the appropriate safeguards provided for in Regulation (EU) 2016\/679, such as adherence to the EU-US Data Privacy Framework or the use of standard contractual clauses approved by the European Commission.<\/p><p>You can find out more by consulting the privacy policies of the suppliers listed.<\/p><h2>7. HOW IS CONSENT MANAGED?<\/h2><p>This website has a consent management system that allows users to accept, refuse or configure the use of cookies on their first visit.<\/p><p>Users may change or withdraw their consent at any time by accessing the cookie settings panel on the website.<\/p><h2>8. HOW CAN I DISABLE OR DELETE THESE COOKIES?<\/h2><p>You can enable or block cookies, as well as delete your browsing data (including cookies), via the browser you are using. Please refer to the options and instructions provided by your browser for this purpose. Please note that if you accept third-party cookies, you will need to delete them via your browser settings or via the system provided by the relevant third party.<\/p><p>Below are links to information on how to manage cookies in the most common browsers:<\/p><p><strong>Firefox<\/strong><\/p><p><a href=\"http:\/\/support.mozilla.org\/es\/kb\/habilitar-y-deshabilitar-cookies\">http:\/\/support.mozilla.org\/es\/kb\/habilitar-y-deshabilitar-cookies<\/a><\/p><p><strong>Chrome<\/strong><\/p><p><a href=\"http:\/\/support.google.com\/chrome\/answer\/95647\">http:\/\/support.google.com\/chrome\/answer\/95647<\/a><\/p><p><strong>Microsoft Edge<\/strong><\/p><p><a href=\"https:\/\/support.microsoft.com\/microsoft-edge\/delete-cookies\">https:\/\/support.microsoft.com\/microsoft-edge\/delete-cookies<\/a><\/p><p><strong>Safari<\/strong><\/p><p><a href=\"http:\/\/support.apple.com\/es-es\/guide\/safari\/sfri11471\/mac\">http:\/\/support.apple.com\/es-es\/guide\/safari\/sfri11471\/mac<\/a><\/p><p><strong>Opera<\/strong><\/p><p><a href=\"http:\/\/help.opera.com\/en\/latest\/web-preferences\/\">http:\/\/help.opera.com\/en\/latest\/web-preferences\/<\/a><\/p><p><strong>Autres navigateurs<\/strong><\/p><p>Please refer to the documentation for the browser you are using.<\/p><h2>9. ADDITIONAL INFORMATION REGARDING THE DISABLING OF GOOGLE ANALYTICS<\/h2><p class=\"translation-block\">If you wish to opt out of Google Analytics tracking cookies across all your browsers, so that none of your information is sent to Google Analytics, you can download an add-on developed by Google that prevents information from being sent to this service: <a href=\"https:\/\/tools.google.com\/dlpage\/gaoptout.\" target=\"_self\">https:\/\/tools.google.com\/dlpage\/gaoptout.<\/a><\/p><h2>10. EXERCISING YOUR RIGHTS<\/h2><p>You can find further information about the processing of your personal data and how to exercise your data protection rights by consulting this website\u2019s privacy policy.<\/p><p><span style=\"font-weight: 400;\">______________________________________________________________________<\/span><\/p><p class=\"translation-block\"><strong>Last updated:<\/strong> 28 April 2026 \u2013 Version 1.0<\/p><p>This legal notice has been drawn up by Grupo Altabir\u00ae on behalf of the owner of this website.<\/p><p>Their use is authorised exclusively for the said owner in the course of their business and for inclusion on this website. Their reproduction, distribution or use for other websites, projects or activities is not permitted without the prior and express authorisation of Grupo Altabir\u00ae, without prejudice to the right of users to copy or reproduce the document where this is necessary for consultation or for the exercise of their rights.<\/p>\t\t\t\t\t\t\t\t<\/div>\n\t\t\t\t\t<\/div>\n\t\t<\/div>\n\t\t\t\t\t<\/div>\n\t\t<\/section>\n\t\t\t\t<\/div>","protected":false},"excerpt":{"rendered":"<p>Politique en mati\u00e8re de cookies 1. QUI EST LE RESPONSABLE DU TRAITEMENT ? Responsable : Tritravel Incoming S.L. Num\u00e9ro d&rsquo;identification fiscale : B93115848 Adresse : Calle Moreno Monroy, 5, 1er \u00e9tage, 29015 M\u00e1laga (Espagne) E-mail : info@tritravel.es Vous trouverez plus d&rsquo;informations sur le traitement de vos donn\u00e9es personnelles dans notre politique de confidentialit\u00e9. 2. QU&rsquo;EST-CE [&hellip;]<\/p>\n","protected":false},"author":3,"featured_media":0,"parent":0,"menu_order":0,"comment_status":"closed","ping_status":"closed","template":"elementor_header_footer","meta":{"footnotes":""},"class_list":["post-698","page","type-page","status-publish","hentry"],"yoast_head":"<!-- This site is optimized with the Yoast SEO plugin v27.4 - https:\/\/yoast.com\/product\/yoast-seo-wordpress\/ -->\n<title>Politique en mati\u00e8re de cookies - Tritravel<\/title>\n<meta name=\"robots\" content=\"noindex, follow\" \/>\n<meta property=\"og:locale\" content=\"en_GB\" \/>\n<meta property=\"og:type\" content=\"article\" \/>\n<meta property=\"og:title\" content=\"Politique en mati\u00e8re de cookies - Tritravel\" \/>\n<meta property=\"og:description\" content=\"Politique en mati\u00e8re de cookies 1. QUI EST LE RESPONSABLE DU TRAITEMENT ? Responsable : Tritravel Incoming S.L. Num\u00e9ro d&rsquo;identification fiscale : B93115848 Adresse : Calle Moreno Monroy, 5, 1er \u00e9tage, 29015 M\u00e1laga (Espagne) E-mail : info@tritravel.es Vous trouverez plus d&rsquo;informations sur le traitement de vos donn\u00e9es personnelles dans notre politique de confidentialit\u00e9. 2. QU&rsquo;EST-CE [&hellip;]\" \/>\n<meta property=\"og:url\" content=\"https:\/\/www.tritravel.es\/en\/cookie-policy\/\" \/>\n<meta property=\"og:site_name\" content=\"Tritravel\" \/>\n<meta property=\"article:modified_time\" content=\"2026-04-29T10:56:17+00:00\" \/>\n<meta name=\"twitter:card\" content=\"summary_large_image\" \/>\n<meta name=\"twitter:label1\" content=\"Estimated reading time\" \/>\n\t<meta name=\"twitter:data1\" content=\"6 minutes\" \/>\n<script type=\"application\/ld+json\" class=\"yoast-schema-graph\">{\"@context\":\"https:\\\/\\\/schema.org\",\"@graph\":[{\"@type\":\"WebPage\",\"@id\":\"https:\\\/\\\/www.tritravel.es\\\/politique-en-matiere-de-cookies\\\/\",\"url\":\"https:\\\/\\\/www.tritravel.es\\\/politique-en-matiere-de-cookies\\\/\",\"name\":\"Politique en mati\u00e8re de cookies - Tritravel\",\"isPartOf\":{\"@id\":\"http:\\\/\\\/www.tritravel.es\\\/#website\"},\"datePublished\":\"2026-04-28T08:41:55+00:00\",\"dateModified\":\"2026-04-29T10:56:17+00:00\",\"breadcrumb\":{\"@id\":\"https:\\\/\\\/www.tritravel.es\\\/politique-en-matiere-de-cookies\\\/#breadcrumb\"},\"inLanguage\":\"en-GB\",\"potentialAction\":[{\"@type\":\"ReadAction\",\"target\":[\"https:\\\/\\\/www.tritravel.es\\\/politique-en-matiere-de-cookies\\\/\"]}]},{\"@type\":\"BreadcrumbList\",\"@id\":\"https:\\\/\\\/www.tritravel.es\\\/politique-en-matiere-de-cookies\\\/#breadcrumb\",\"itemListElement\":[{\"@type\":\"ListItem\",\"position\":1,\"name\":\"Portada\",\"item\":\"http:\\\/\\\/www.tritravel.es\\\/\"},{\"@type\":\"ListItem\",\"position\":2,\"name\":\"Politique en mati\u00e8re de cookies\"}]},{\"@type\":\"WebSite\",\"@id\":\"http:\\\/\\\/www.tritravel.es\\\/#website\",\"url\":\"http:\\\/\\\/www.tritravel.es\\\/\",\"name\":\"Tritravel\",\"description\":\"Agencia de viajes y tour operador\",\"publisher\":{\"@id\":\"http:\\\/\\\/www.tritravel.es\\\/#organization\"},\"potentialAction\":[{\"@type\":\"SearchAction\",\"target\":{\"@type\":\"EntryPoint\",\"urlTemplate\":\"http:\\\/\\\/www.tritravel.es\\\/?s={search_term_string}\"},\"query-input\":{\"@type\":\"PropertyValueSpecification\",\"valueRequired\":true,\"valueName\":\"search_term_string\"}}],\"inLanguage\":\"en-GB\"},{\"@type\":\"Organization\",\"@id\":\"http:\\\/\\\/www.tritravel.es\\\/#organization\",\"name\":\"Tritravel\",\"url\":\"http:\\\/\\\/www.tritravel.es\\\/\",\"logo\":{\"@type\":\"ImageObject\",\"inLanguage\":\"en-GB\",\"@id\":\"http:\\\/\\\/www.tritravel.es\\\/#\\\/schema\\\/logo\\\/image\\\/\",\"url\":\"https:\\\/\\\/www.tritravel.es\\\/wp-content\\\/uploads\\\/2026\\\/02\\\/logotipo-tritravel.png\",\"contentUrl\":\"https:\\\/\\\/www.tritravel.es\\\/wp-content\\\/uploads\\\/2026\\\/02\\\/logotipo-tritravel.png\",\"width\":881,\"height\":880,\"caption\":\"Tritravel\"},\"image\":{\"@id\":\"http:\\\/\\\/www.tritravel.es\\\/#\\\/schema\\\/logo\\\/image\\\/\"}}]}<\/script>\n<!-- \/ Yoast SEO plugin. -->","yoast_head_json":{"title":"Cookie Policy - Tritravel","robots":{"index":"noindex","follow":"follow"},"og_locale":"en_GB","og_type":"article","og_title":"Politique en mati\u00e8re de cookies - Tritravel","og_description":"Politique en mati\u00e8re de cookies 1. QUI EST LE RESPONSABLE DU TRAITEMENT ? Responsable : Tritravel Incoming S.L. Num\u00e9ro d&rsquo;identification fiscale : B93115848 Adresse : Calle Moreno Monroy, 5, 1er \u00e9tage, 29015 M\u00e1laga (Espagne) E-mail : info@tritravel.es Vous trouverez plus d&rsquo;informations sur le traitement de vos donn\u00e9es personnelles dans notre politique de confidentialit\u00e9. 2. QU&rsquo;EST-CE [&hellip;]","og_url":"https:\/\/www.tritravel.es\/en\/cookie-policy\/","og_site_name":"Tritravel","article_modified_time":"2026-04-29T10:56:17+00:00","twitter_card":"summary_large_image","twitter_misc":{"Estimated reading time":"6 minutes"},"schema":{"@context":"https:\/\/schema.org","@graph":[{"@type":"WebPage","@id":"https:\/\/www.tritravel.es\/politique-en-matiere-de-cookies\/","url":"https:\/\/www.tritravel.es\/politique-en-matiere-de-cookies\/","name":"Cookie Policy - Tritravel","isPartOf":{"@id":"http:\/\/www.tritravel.es\/#website"},"datePublished":"2026-04-28T08:41:55+00:00","dateModified":"2026-04-29T10:56:17+00:00","breadcrumb":{"@id":"https:\/\/www.tritravel.es\/politique-en-matiere-de-cookies\/#breadcrumb"},"inLanguage":"en-GB","potentialAction":[{"@type":"ReadAction","target":["https:\/\/www.tritravel.es\/politique-en-matiere-de-cookies\/"]}]},{"@type":"BreadcrumbList","@id":"https:\/\/www.tritravel.es\/politique-en-matiere-de-cookies\/#breadcrumb","itemListElement":[{"@type":"ListItem","position":1,"name":"Portada","item":"http:\/\/www.tritravel.es\/"},{"@type":"ListItem","position":2,"name":"Politique en mati\u00e8re de cookies"}]},{"@type":"WebSite","@id":"http:\/\/www.tritravel.es\/#website","url":"http:\/\/www.tritravel.es\/","name":"Tritravel","description":"Agencia de viajes y tour operador","publisher":{"@id":"http:\/\/www.tritravel.es\/#organization"},"potentialAction":[{"@type":"SearchAction","target":{"@type":"EntryPoint","urlTemplate":"http:\/\/www.tritravel.es\/?s={search_term_string}"},"query-input":{"@type":"PropertyValueSpecification","valueRequired":true,"valueName":"search_term_string"}}],"inLanguage":"en-GB"},{"@type":"Organization","@id":"http:\/\/www.tritravel.es\/#organization","name":"Tritravel","url":"http:\/\/www.tritravel.es\/","logo":{"@type":"ImageObject","inLanguage":"en-GB","@id":"http:\/\/www.tritravel.es\/#\/schema\/logo\/image\/","url":"https:\/\/www.tritravel.es\/wp-content\/uploads\/2026\/02\/logotipo-tritravel.png","contentUrl":"https:\/\/www.tritravel.es\/wp-content\/uploads\/2026\/02\/logotipo-tritravel.png","width":881,"height":880,"caption":"Tritravel"},"image":{"@id":"http:\/\/www.tritravel.es\/#\/schema\/logo\/image\/"}}]}},"_links":{"self":[{"href":"https:\/\/www.tritravel.es\/en\/wp-json\/wp\/v2\/pages\/698","targetHints":{"allow":["GET"]}}],"collection":[{"href":"https:\/\/www.tritravel.es\/en\/wp-json\/wp\/v2\/pages"}],"about":[{"href":"https:\/\/www.tritravel.es\/en\/wp-json\/wp\/v2\/types\/page"}],"author":[{"embeddable":true,"href":"https:\/\/www.tritravel.es\/en\/wp-json\/wp\/v2\/users\/3"}],"replies":[{"embeddable":true,"href":"https:\/\/www.tritravel.es\/en\/wp-json\/wp\/v2\/comments?post=698"}],"version-history":[{"count":16,"href":"https:\/\/www.tritravel.es\/en\/wp-json\/wp\/v2\/pages\/698\/revisions"}],"predecessor-version":[{"id":734,"href":"https:\/\/www.tritravel.es\/en\/wp-json\/wp\/v2\/pages\/698\/revisions\/734"}],"wp:attachment":[{"href":"https:\/\/www.tritravel.es\/en\/wp-json\/wp\/v2\/media?parent=698"}],"curies":[{"name":"wp","href":"https:\/\/api.w.org\/{rel}","templated":true}]}}